{"id":5,"date":"2018-05-30T13:03:25","date_gmt":"2018-05-30T11:03:25","guid":{"rendered":"https:\/\/freundeskreis-uganda.de\/?page_id=2"},"modified":"2021-03-13T20:06:23","modified_gmt":"2021-03-13T19:06:23","slug":"startseite","status":"publish","type":"page","link":"https:\/\/freundeskreis-uganda.de\/","title":{"rendered":"Herzlich Willkommen&#8230;"},"content":{"rendered":"<p>&#8230;auf unserer Homepage! Sch\u00f6n dass Sie uns besuchen.<\/p>\n<p>Hier informieren wir Sie \u00fcber <a href=\"https:\/\/freundeskreis-uganda.de\/index.php\/ueber-uns\/\">unseren Verein<\/a> und <a href=\"https:\/\/freundeskreis-uganda.de\/index.php\/unsere-partnerprojekte\/\">unsere Partnerprojekte<\/a>. Vielleicht k\u00f6nnen wir Sie ja sogar zum <a href=\"https:\/\/freundeskreis-uganda.de\/index.php\/mitmachen\/\">Mitmachen<\/a> ermuntern. Falls Sie Fragen oder Anregungen haben, nehmen Sie <a href=\"https:\/\/freundeskreis-uganda.de\/index.php\/kontakt\/\">Kontakt<\/a> zu uns auf.<\/p>\n<p>Wir w\u00fcnschen Ihnen viel Spa\u00df beim Surfen auf unseren Seiten!<\/p>\n<p><em>Ihre Freunde Ugandas<\/em><\/p>\n<div class=\"entry-content\">\n<figure class=\"wp-block-image\">\n<figcaption><\/figcaption>\n<\/figure>\n<figure class=\"wp-block-image\"><img loading=\"lazy\" decoding=\"async\" width=\"1024\" height=\"682\" class=\"wp-image-613\" src=\"https:\/\/freundeskreis-uganda.de\/wp-content\/uploads\/2018\/05\/IMG_9317-e1527780155836-1024x682.jpg\" sizes=\"auto, (max-width: 1024px) 100vw, 1024px\" srcset=\"https:\/\/freundeskreis-uganda.de\/wp-content\/uploads\/2018\/05\/IMG_9317-e1527780155836-1024x682.jpg 1024w, https:\/\/freundeskreis-uganda.de\/wp-content\/uploads\/2018\/05\/IMG_9317-e1527780155836-300x200.jpg 300w, https:\/\/freundeskreis-uganda.de\/wp-content\/uploads\/2018\/05\/IMG_9317-e1527780155836-768x511.jpg 768w\" alt=\"\" \/><\/figure>\n<\/div>\n\n\n<p><strong>Aktuelle Themen:<\/strong><\/p>\n\n\n<ul class=\"wp-block-latest-posts__list wp-block-latest-posts\"><li><a class=\"wp-block-latest-posts__post-title\" href=\"https:\/\/freundeskreis-uganda.de\/index.php\/2025\/12\/05\/abwechlung-fuer-kalte-tage-adventsgruss-aus-uganda\/\">Abwechslung f\u00fcr kalte Tage &#8211; ein Adventsgru\u00df aus Uganda<\/a><\/li>\n<li><a class=\"wp-block-latest-posts__post-title\" href=\"https:\/\/freundeskreis-uganda.de\/index.php\/2025\/11\/09\/weihnachtaktion-2025-solidaritaet-statt-zeugs-verschenken\/\">Weihnachtaktion 2025 \u2013 Solidarit\u00e4t statt Zeugs verschenken<\/a><\/li>\n<li><a class=\"wp-block-latest-posts__post-title\" href=\"https:\/\/freundeskreis-uganda.de\/index.php\/2025\/11\/09\/veranstalltung-raetsche-2025\/\">Veranstalltung R\u00e4tsche 2025<\/a><\/li>\n<li><a class=\"wp-block-latest-posts__post-title\" href=\"https:\/\/freundeskreis-uganda.de\/index.php\/2024\/11\/18\/weihnachtaktion-2024-solidaritaet-statt-zeugs-verschenken\/\">Weihnachtaktion 2024 &#8211; Solidarit\u00e4t statt Zeugs verschenken<\/a><\/li>\n<li><a class=\"wp-block-latest-posts__post-title\" href=\"https:\/\/freundeskreis-uganda.de\/index.php\/2024\/08\/24\/neues-projekt-fuer-maedchen-in-walukuba-und-gegen-periodenarmut-in-uganda\/\">Projekt f\u00fcr M\u00e4dchen in Walukuba und gegen Periodenarmut in Uganda<\/a><\/li>\n<\/ul>","protected":false},"excerpt":{"rendered":"<p>&#8230;auf unserer Homepage! Sch\u00f6n dass Sie uns besuchen. Hier informieren wir Sie \u00fcber unseren Verein und unsere Partnerprojekte. Vielleicht k\u00f6nnen wir Sie ja sogar zum Mitmachen ermuntern. Falls Sie Fragen oder Anregungen haben, nehmen Sie Kontakt zu uns auf. Wir w\u00fcnschen Ihnen viel Spa\u00df beim Surfen auf unseren Seiten! Ihre Freunde Ugandas Aktuelle Themen:<\/p>\n","protected":false},"author":1,"featured_media":409,"parent":0,"menu_order":0,"comment_status":"closed","ping_status":"open","template":"","meta":{"footnotes":""},"class_list":["post-5","page","type-page","status-publish","has-post-thumbnail","hentry"],"_links":{"self":[{"href":"https:\/\/freundeskreis-uganda.de\/index.php\/wp-json\/wp\/v2\/pages\/5","targetHints":{"allow":["GET"]}}],"collection":[{"href":"https:\/\/freundeskreis-uganda.de\/index.php\/wp-json\/wp\/v2\/pages"}],"about":[{"href":"https:\/\/freundeskreis-uganda.de\/index.php\/wp-json\/wp\/v2\/types\/page"}],"author":[{"embeddable":true,"href":"https:\/\/freundeskreis-uganda.de\/index.php\/wp-json\/wp\/v2\/users\/1"}],"replies":[{"embeddable":true,"href":"https:\/\/freundeskreis-uganda.de\/index.php\/wp-json\/wp\/v2\/comments?post=5"}],"version-history":[{"count":15,"href":"https:\/\/freundeskreis-uganda.de\/index.php\/wp-json\/wp\/v2\/pages\/5\/revisions"}],"predecessor-version":[{"id":1953,"href":"https:\/\/freundeskreis-uganda.de\/index.php\/wp-json\/wp\/v2\/pages\/5\/revisions\/1953"}],"wp:featuredmedia":[{"embeddable":true,"href":"https:\/\/freundeskreis-uganda.de\/index.php\/wp-json\/wp\/v2\/media\/409"}],"wp:attachment":[{"href":"https:\/\/freundeskreis-uganda.de\/index.php\/wp-json\/wp\/v2\/media?parent=5"}],"curies":[{"name":"wp","href":"https:\/\/api.w.org\/{rel}","templated":true}]}}