{"id":3229,"date":"2026-05-14T19:47:36","date_gmt":"2026-05-14T17:47:36","guid":{"rendered":"https:\/\/freundeskreis-uganda.de\/?page_id=3229"},"modified":"2026-05-14T19:48:32","modified_gmt":"2026-05-14T17:48:32","slug":"die-st-johns-school-kigoto","status":"publish","type":"page","link":"https:\/\/freundeskreis-uganda.de\/index.php\/unsere-partnerprojekte\/die-st-johns-school-kigoto\/","title":{"rendered":"Die &#8222;St. Johns School Kigoto&#8220;"},"content":{"rendered":"\n<p><strong>Die St. John&#8217;s Vocational Secondary School<\/strong><br>Seit Mai 2026 unterst\u00fctzt der Freundeskreis Uganda e.V. die St. John&#8217;s Vocational Secondary School im Westen Ugandas. Fabienne, aus dem Landkreis Tuttlingen, hat die Schule w\u00e4hrend eines zweimonatigen Aufenthalts vor Ort kennenlernen d\u00fcrfen.<br>Die Schule liegt im Distrikt Kitagwenda, einer armen Region im Westen des Landes. Viele Kinder hier haben kaum eine Chance auf Bildung. F\u00fcr manche war vor der Gr\u00fcndung, der Schulweg so weit, dass ein t\u00e4glicher Besuch schlicht nicht m\u00f6glich war. F\u00fcr andere scheitert es an den Schulgeb\u00fchren, die viele Familien nicht aufbringen k\u00f6nnen.<\/p>\n\n\n\n<figure class=\"wp-block-image size-full\"><img loading=\"lazy\" decoding=\"async\" width=\"794\" height=\"726\" src=\"https:\/\/freundeskreis-uganda.de\/wp-content\/uploads\/2026\/05\/Ganze-Schule-von-oben-im-Ueberblick.jpg\" alt=\"\" class=\"wp-image-3237\" srcset=\"https:\/\/freundeskreis-uganda.de\/wp-content\/uploads\/2026\/05\/Ganze-Schule-von-oben-im-Ueberblick.jpg 794w, https:\/\/freundeskreis-uganda.de\/wp-content\/uploads\/2026\/05\/Ganze-Schule-von-oben-im-Ueberblick-300x274.jpg 300w, https:\/\/freundeskreis-uganda.de\/wp-content\/uploads\/2026\/05\/Ganze-Schule-von-oben-im-Ueberblick-768x702.jpg 768w\" sizes=\"auto, (max-width: 794px) 100vw, 794px\" \/><\/figure>\n\n\n\n<p><br>Die St. John&#8217;s Vocational Secondary School wurde 2022 von Rev. Fr. Barikurungi Silvanus gegr\u00fcndet, einem Pfarrer aus Fort Portal, der seit Jahren regelm\u00e4\u00dfig als Urlaubsvertretung in den Landkreisen Trossingen und Rottweil t\u00e4tig ist und dabei Kontakte in der Region aufgebaut hat. <br>Seit der Gr\u00fcndung wird die Schule Schritt f\u00fcr Schritt weiterentwickelt, unter schwierigen Bedingungen, aber mit einer klaren Vision.<br><\/p>\n\n\n\n<figure class=\"wp-block-image size-full\"><img loading=\"lazy\" decoding=\"async\" width=\"545\" height=\"969\" src=\"https:\/\/freundeskreis-uganda.de\/wp-content\/uploads\/2026\/05\/Pfarrer-Silvanus-und-Fabi.jpg\" alt=\"\" class=\"wp-image-3241\" srcset=\"https:\/\/freundeskreis-uganda.de\/wp-content\/uploads\/2026\/05\/Pfarrer-Silvanus-und-Fabi.jpg 545w, https:\/\/freundeskreis-uganda.de\/wp-content\/uploads\/2026\/05\/Pfarrer-Silvanus-und-Fabi-169x300.jpg 169w\" sizes=\"auto, (max-width: 545px) 100vw, 545px\" \/><\/figure>\n\n\n\n<p>Als ich (Fabi) 2025 zum ersten Mal vor Ort war, habe ich gesehen, welch gro\u00dfartige Intention hinter dieser Schule steckt und wie wichtig Bildung hier ist, um \u00fcberhaupt eine Chance auf eine gute Lebensperspektive zu bekommen. Durch ein erstes kleines Fundraising wurde der Grundstein f\u00fcr die Kooperation gelegt. In den folgenden zwei Monaten haben wir gemeinsam mit dem Team vor Ort Strukturen f\u00fcr eine langfristige Zusammenarbeit erarbeitet.<\/p>\n\n\n\n<p>Unser Ziel ist es, die Schule so weiterzuentwickeln, dass sie sich eines Tages vollst\u00e4ndig selbst tragen kann. Wir wollen einen Bildungsstandard aufbauen, der die Schule zu einer anerkannten Institution macht, sodass auch wohlhabende Familien ihre Kinder hierher schicken. Durch ein nachhaltiges Finanzierungsmodell sollen diese Einnahmen gezielt genutzt werden, um zus\u00e4tzliche Schulpl\u00e4tze f\u00fcr Kinder aus einkommensschwachen Familien zu finanzieren. Denn Bildung ist hier der entscheidende Schl\u00fcssel zu einem Studium, einer Ausbildung und einem selbstbestimmten Leben.<\/p>\n\n\n\n<figure class=\"wp-block-image size-full\"><img loading=\"lazy\" decoding=\"async\" width=\"587\" height=\"660\" src=\"https:\/\/freundeskreis-uganda.de\/wp-content\/uploads\/2026\/05\/Hauptgebaeude-der-Schule.jpg\" alt=\"\" class=\"wp-image-3253\" srcset=\"https:\/\/freundeskreis-uganda.de\/wp-content\/uploads\/2026\/05\/Hauptgebaeude-der-Schule.jpg 587w, https:\/\/freundeskreis-uganda.de\/wp-content\/uploads\/2026\/05\/Hauptgebaeude-der-Schule-267x300.jpg 267w\" sizes=\"auto, (max-width: 587px) 100vw, 587px\" \/><\/figure>\n\n\n\n<p><br>Ich werde das Projekt weiter begleiten und regelm\u00e4\u00dfig \u00fcber die Entwicklungen vor Ort berichten, damit sichtbar bleibt, was mit eurer Unterst\u00fctzung m\u00f6glich wird.<br>Was wir bereits erreicht haben Seit meinem Besuch in Uganda konnten wir bereits einiges bewegen. Wir haben \u00fcber 60 Schuluniformen finanziert und die Schule mit einer Erstausstattung f\u00fcr den Chemie-, Biologie- und Physikunterricht unterst\u00fctzt. Dazu kamen neue Lehrb\u00fccher sowie 500 kg Maismehl und 160 kg Bohnen f\u00fcr die Schulverpflegung. Besonders am Herzen liegt uns, dass wir f\u00fcr einige Kinder<br>aus besonders einkommensschwachen Familien die Schulgeb\u00fchren \u00fcbernehmen konnten und ihnen damit den Schulbesuch erm\u00f6glicht haben.<br><\/p>\n\n\n\n<figure class=\"wp-block-image size-large\"><img loading=\"lazy\" decoding=\"async\" width=\"1024\" height=\"576\" src=\"https:\/\/freundeskreis-uganda.de\/wp-content\/uploads\/2026\/05\/Finanzierte-Schuluniformen-1024x576.jpg\" alt=\"\" class=\"wp-image-3249\" srcset=\"https:\/\/freundeskreis-uganda.de\/wp-content\/uploads\/2026\/05\/Finanzierte-Schuluniformen-1024x576.jpg 1024w, https:\/\/freundeskreis-uganda.de\/wp-content\/uploads\/2026\/05\/Finanzierte-Schuluniformen-300x169.jpg 300w, https:\/\/freundeskreis-uganda.de\/wp-content\/uploads\/2026\/05\/Finanzierte-Schuluniformen-768x432.jpg 768w, https:\/\/freundeskreis-uganda.de\/wp-content\/uploads\/2026\/05\/Finanzierte-Schuluniformen.jpg 1096w\" sizes=\"auto, (max-width: 1024px) 100vw, 1024px\" \/><\/figure>\n\n\n\n<p><strong>Danke von Herzen f\u00fcr jede Unterst\u00fctzung, gemeinsam geben wir Kindern in Uganda eine Chance auf Bildung und Zukunft.<\/strong><\/p>\n\n\n\n<p><\/p>\n\n\n\n<figure class=\"wp-block-gallery has-nested-images columns-default is-cropped wp-block-gallery-1 is-layout-flex wp-block-gallery-is-layout-flex\">\n<figure class=\"wp-block-image size-large\"><img loading=\"lazy\" decoding=\"async\" width=\"939\" height=\"528\" data-id=\"3273\" src=\"https:\/\/freundeskreis-uganda.de\/wp-content\/uploads\/2026\/05\/Die-Schulkueche.jpg\" alt=\"\" class=\"wp-image-3273\" srcset=\"https:\/\/freundeskreis-uganda.de\/wp-content\/uploads\/2026\/05\/Die-Schulkueche.jpg 939w, https:\/\/freundeskreis-uganda.de\/wp-content\/uploads\/2026\/05\/Die-Schulkueche-300x169.jpg 300w, https:\/\/freundeskreis-uganda.de\/wp-content\/uploads\/2026\/05\/Die-Schulkueche-768x432.jpg 768w\" sizes=\"auto, (max-width: 939px) 100vw, 939px\" \/><\/figure>\n\n\n\n<figure class=\"wp-block-image size-large\"><img loading=\"lazy\" decoding=\"async\" width=\"960\" height=\"540\" data-id=\"3261\" src=\"https:\/\/freundeskreis-uganda.de\/wp-content\/uploads\/2026\/05\/Eindruck-vom-Gelaende-der-Schule.jpg\" alt=\"\" class=\"wp-image-3261\" srcset=\"https:\/\/freundeskreis-uganda.de\/wp-content\/uploads\/2026\/05\/Eindruck-vom-Gelaende-der-Schule.jpg 960w, https:\/\/freundeskreis-uganda.de\/wp-content\/uploads\/2026\/05\/Eindruck-vom-Gelaende-der-Schule-300x169.jpg 300w, https:\/\/freundeskreis-uganda.de\/wp-content\/uploads\/2026\/05\/Eindruck-vom-Gelaende-der-Schule-768x432.jpg 768w\" sizes=\"auto, (max-width: 960px) 100vw, 960px\" \/><\/figure>\n\n\n\n<figure class=\"wp-block-image size-large\"><img loading=\"lazy\" decoding=\"async\" width=\"1004\" height=\"565\" data-id=\"3281\" src=\"https:\/\/freundeskreis-uganda.de\/wp-content\/uploads\/2026\/05\/In-der-Schulkueche.jpg\" alt=\"\" class=\"wp-image-3281\" srcset=\"https:\/\/freundeskreis-uganda.de\/wp-content\/uploads\/2026\/05\/In-der-Schulkueche.jpg 1004w, https:\/\/freundeskreis-uganda.de\/wp-content\/uploads\/2026\/05\/In-der-Schulkueche-300x169.jpg 300w, https:\/\/freundeskreis-uganda.de\/wp-content\/uploads\/2026\/05\/In-der-Schulkueche-768x432.jpg 768w\" sizes=\"auto, (max-width: 1004px) 100vw, 1004px\" \/><\/figure>\n\n\n\n<figure class=\"wp-block-image size-large\"><img loading=\"lazy\" decoding=\"async\" width=\"1024\" height=\"576\" data-id=\"3285\" src=\"https:\/\/freundeskreis-uganda.de\/wp-content\/uploads\/2026\/05\/Schulkinder-mit-Fabi-1024x576.jpg\" alt=\"\" class=\"wp-image-3285\" srcset=\"https:\/\/freundeskreis-uganda.de\/wp-content\/uploads\/2026\/05\/Schulkinder-mit-Fabi-1024x576.jpg 1024w, https:\/\/freundeskreis-uganda.de\/wp-content\/uploads\/2026\/05\/Schulkinder-mit-Fabi-300x169.jpg 300w, https:\/\/freundeskreis-uganda.de\/wp-content\/uploads\/2026\/05\/Schulkinder-mit-Fabi-768x432.jpg 768w, https:\/\/freundeskreis-uganda.de\/wp-content\/uploads\/2026\/05\/Schulkinder-mit-Fabi.jpg 1386w\" sizes=\"auto, (max-width: 1024px) 100vw, 1024px\" \/><\/figure>\n\n\n\n<figure class=\"wp-block-image size-large\"><img loading=\"lazy\" decoding=\"async\" width=\"702\" height=\"891\" data-id=\"3265\" src=\"https:\/\/freundeskreis-uganda.de\/wp-content\/uploads\/2026\/05\/Unterricht-in-Uganda-2.jpg\" alt=\"\" class=\"wp-image-3265\" srcset=\"https:\/\/freundeskreis-uganda.de\/wp-content\/uploads\/2026\/05\/Unterricht-in-Uganda-2.jpg 702w, https:\/\/freundeskreis-uganda.de\/wp-content\/uploads\/2026\/05\/Unterricht-in-Uganda-2-236x300.jpg 236w\" sizes=\"auto, (max-width: 702px) 100vw, 702px\" \/><\/figure>\n\n\n\n<figure class=\"wp-block-image size-large\"><img loading=\"lazy\" decoding=\"async\" width=\"372\" height=\"662\" data-id=\"3257\" src=\"https:\/\/freundeskreis-uganda.de\/wp-content\/uploads\/2026\/05\/Unterricht-in-Uganda-3.jpg\" alt=\"\" class=\"wp-image-3257\" srcset=\"https:\/\/freundeskreis-uganda.de\/wp-content\/uploads\/2026\/05\/Unterricht-in-Uganda-3.jpg 372w, https:\/\/freundeskreis-uganda.de\/wp-content\/uploads\/2026\/05\/Unterricht-in-Uganda-3-169x300.jpg 169w\" sizes=\"auto, (max-width: 372px) 100vw, 372px\" \/><\/figure>\n\n\n\n<figure class=\"wp-block-image size-large\"><img loading=\"lazy\" decoding=\"async\" width=\"576\" height=\"1024\" data-id=\"3293\" src=\"https:\/\/freundeskreis-uganda.de\/wp-content\/uploads\/2026\/05\/Unterricht-in-Uganda-4-576x1024.jpg\" alt=\"\" class=\"wp-image-3293\" srcset=\"https:\/\/freundeskreis-uganda.de\/wp-content\/uploads\/2026\/05\/Unterricht-in-Uganda-4-576x1024.jpg 576w, https:\/\/freundeskreis-uganda.de\/wp-content\/uploads\/2026\/05\/Unterricht-in-Uganda-4-169x300.jpg 169w, https:\/\/freundeskreis-uganda.de\/wp-content\/uploads\/2026\/05\/Unterricht-in-Uganda-4.jpg 600w\" sizes=\"auto, (max-width: 576px) 100vw, 576px\" \/><\/figure>\n\n\n\n<figure class=\"wp-block-image size-large\"><img loading=\"lazy\" decoding=\"async\" width=\"576\" height=\"1024\" data-id=\"3269\" src=\"https:\/\/freundeskreis-uganda.de\/wp-content\/uploads\/2026\/05\/Unterricht-in-Uganda-5-576x1024.jpg\" alt=\"\" class=\"wp-image-3269\" srcset=\"https:\/\/freundeskreis-uganda.de\/wp-content\/uploads\/2026\/05\/Unterricht-in-Uganda-5-576x1024.jpg 576w, https:\/\/freundeskreis-uganda.de\/wp-content\/uploads\/2026\/05\/Unterricht-in-Uganda-5-169x300.jpg 169w, https:\/\/freundeskreis-uganda.de\/wp-content\/uploads\/2026\/05\/Unterricht-in-Uganda-5.jpg 617w\" sizes=\"auto, (max-width: 576px) 100vw, 576px\" \/><\/figure>\n\n\n\n<figure class=\"wp-block-image size-large\"><img loading=\"lazy\" decoding=\"async\" width=\"1024\" height=\"576\" data-id=\"3277\" src=\"https:\/\/freundeskreis-uganda.de\/wp-content\/uploads\/2026\/05\/Unterricht-in-Uganda-6-1024x576.jpg\" alt=\"\" class=\"wp-image-3277\" srcset=\"https:\/\/freundeskreis-uganda.de\/wp-content\/uploads\/2026\/05\/Unterricht-in-Uganda-6-1024x576.jpg 1024w, https:\/\/freundeskreis-uganda.de\/wp-content\/uploads\/2026\/05\/Unterricht-in-Uganda-6-300x169.jpg 300w, https:\/\/freundeskreis-uganda.de\/wp-content\/uploads\/2026\/05\/Unterricht-in-Uganda-6-768x432.jpg 768w, https:\/\/freundeskreis-uganda.de\/wp-content\/uploads\/2026\/05\/Unterricht-in-Uganda-6.jpg 1264w\" sizes=\"auto, (max-width: 1024px) 100vw, 1024px\" \/><\/figure>\n\n\n\n<figure class=\"wp-block-image size-large\"><img loading=\"lazy\" decoding=\"async\" width=\"501\" height=\"891\" data-id=\"3289\" src=\"https:\/\/freundeskreis-uganda.de\/wp-content\/uploads\/2026\/05\/Unterricht-in-Uganda.jpg\" alt=\"\" class=\"wp-image-3289\" srcset=\"https:\/\/freundeskreis-uganda.de\/wp-content\/uploads\/2026\/05\/Unterricht-in-Uganda.jpg 501w, https:\/\/freundeskreis-uganda.de\/wp-content\/uploads\/2026\/05\/Unterricht-in-Uganda-169x300.jpg 169w\" sizes=\"auto, (max-width: 501px) 100vw, 501px\" \/><\/figure>\n<\/figure>\n\n\n\n<p><\/p>\n\n\n\n<p><strong>Unser Spendenkonto:<\/strong><\/p>\n\n\n\n<p>Sie k\u00f6nnen die Arbeit der St. John School direkt finanziell unterst\u00fctzen indem sie in ihrer \u00dcberweisung das Stichwort \u201eSt. Johns School\u201c oder \u201eSchule Uganda\u201c angeben. <\/p>\n\n\n\n<p>Freundeskreis Uganda e.V. | IBAN: DE25 4306 0967 7010 7487 00 | &nbsp;&nbsp; BIC: GENODEM1GLS<\/p>\n","protected":false},"excerpt":{"rendered":"<p>Die St. John&#8217;s Vocational Secondary SchoolSeit Mai 2026 unterst\u00fctzt der Freundeskreis Uganda e.V. die St. John&#8217;s Vocational Secondary School im Westen Ugandas. Fabienne, aus dem Landkreis Tuttlingen, hat die Schule w\u00e4hrend eines zweimonatigen Aufenthalts vor Ort kennenlernen d\u00fcrfen.Die Schule liegt im Distrikt Kitagwenda, einer armen Region im Westen des Landes. Viele Kinder hier haben kaum &hellip; <a href=\"https:\/\/freundeskreis-uganda.de\/index.php\/unsere-partnerprojekte\/die-st-johns-school-kigoto\/\" class=\"more-link\"><span class=\"screen-reader-text\">Die &#8222;St. Johns School Kigoto&#8220;<\/span> weiterlesen<\/a><\/p>\n","protected":false},"author":5,"featured_media":0,"parent":101,"menu_order":0,"comment_status":"closed","ping_status":"closed","template":"","meta":{"footnotes":""},"class_list":["post-3229","page","type-page","status-publish","hentry"],"_links":{"self":[{"href":"https:\/\/freundeskreis-uganda.de\/index.php\/wp-json\/wp\/v2\/pages\/3229","targetHints":{"allow":["GET"]}}],"collection":[{"href":"https:\/\/freundeskreis-uganda.de\/index.php\/wp-json\/wp\/v2\/pages"}],"about":[{"href":"https:\/\/freundeskreis-uganda.de\/index.php\/wp-json\/wp\/v2\/types\/page"}],"author":[{"embeddable":true,"href":"https:\/\/freundeskreis-uganda.de\/index.php\/wp-json\/wp\/v2\/users\/5"}],"replies":[{"embeddable":true,"href":"https:\/\/freundeskreis-uganda.de\/index.php\/wp-json\/wp\/v2\/comments?post=3229"}],"version-history":[{"count":3,"href":"https:\/\/freundeskreis-uganda.de\/index.php\/wp-json\/wp\/v2\/pages\/3229\/revisions"}],"predecessor-version":[{"id":3297,"href":"https:\/\/freundeskreis-uganda.de\/index.php\/wp-json\/wp\/v2\/pages\/3229\/revisions\/3297"}],"up":[{"embeddable":true,"href":"https:\/\/freundeskreis-uganda.de\/index.php\/wp-json\/wp\/v2\/pages\/101"}],"wp:attachment":[{"href":"https:\/\/freundeskreis-uganda.de\/index.php\/wp-json\/wp\/v2\/media?parent=3229"}],"curies":[{"name":"wp","href":"https:\/\/api.w.org\/{rel}","templated":true}]}}