{"id":2801,"date":"2025-11-09T16:36:52","date_gmt":"2025-11-09T15:36:52","guid":{"rendered":"https:\/\/freundeskreis-uganda.de\/?page_id=2801"},"modified":"2026-02-14T22:13:33","modified_gmt":"2026-02-14T21:13:33","slug":"die-zion-community-klinik","status":"publish","type":"page","link":"https:\/\/freundeskreis-uganda.de\/index.php\/unsere-partnerprojekte\/die-zion-community-klinik\/","title":{"rendered":"Die &#8222;Zion Community&#8220;-Klinik"},"content":{"rendered":"\n<p>Seit Herbst 2025 unterst\u00fctzt der Freundeskreis Uganda e.V. die Zion Community Klinik am Fu\u00dfe des Mount Elgon in Ostuganda. Sabrina, eine zuk\u00fcnftige Krankenpflegerin aus dem Allg\u00e4u, hat dieses Projekt w\u00e4hrend einer Freiwilligenarbeit vor Ort kennenlernen d\u00fcrfen.<\/p>\n\n\n\n<p>Die Zion Community Klinik auf rund 1.600 m H\u00f6he. In dieser Bergregion hatten die Menschen lange Zeit kaum Zugang zu medizinischer Versorgung. Viele Familien mussten stundenlange Wege bis zur n\u00e4chsten Klinik zur\u00fccklegen \u2013 oft zu Fu\u00df und h\u00e4ufig in akuten Notsituationen.<\/p>\n\n\n\n<figure class=\"wp-block-image size-large\"><img loading=\"lazy\" decoding=\"async\" width=\"1024\" height=\"768\" src=\"https:\/\/freundeskreis-uganda.de\/wp-content\/uploads\/2026\/02\/20250908_161636-1-1024x768.jpg\" alt=\"\" class=\"wp-image-3165\" srcset=\"https:\/\/freundeskreis-uganda.de\/wp-content\/uploads\/2026\/02\/20250908_161636-1-1024x768.jpg 1024w, https:\/\/freundeskreis-uganda.de\/wp-content\/uploads\/2026\/02\/20250908_161636-1-300x225.jpg 300w, https:\/\/freundeskreis-uganda.de\/wp-content\/uploads\/2026\/02\/20250908_161636-1-768x576.jpg 768w, https:\/\/freundeskreis-uganda.de\/wp-content\/uploads\/2026\/02\/20250908_161636-1-1536x1152.jpg 1536w, https:\/\/freundeskreis-uganda.de\/wp-content\/uploads\/2026\/02\/20250908_161636-1-2048x1536.jpg 2048w\" sizes=\"auto, (max-width: 1024px) 100vw, 1024px\" \/><\/figure>\n\n\n\n<p>Um diese Versorgungsl\u00fccke zu schlie\u00dfen, wurde die Zion Community Klinik gegr\u00fcndet. Sie bietet heute grundlegende medizinische Hilfe f\u00fcr alle: Behandlung von Erkrankungen, Erste Hilfe, Unterst\u00fctzung f\u00fcr Kinder, Schwangere und Familien \u2013 unabh\u00e4ngig davon, ob sich Patientinnen und Patienten eine Behandlung leisten k\u00f6nnen. Bis heute wird die Klinik fast vollst\u00e4ndig durch Spenden und das Engagement des Teams vor Ort getragen.<\/p>\n\n\n\n<figure class=\"wp-block-image size-large\"><img loading=\"lazy\" decoding=\"async\" width=\"1024\" height=\"559\" src=\"https:\/\/freundeskreis-uganda.de\/wp-content\/uploads\/2026\/02\/F3E369F8-C0CA-4172-A7C8-1B212199E6B8-qg2i2696j3d5z09ohdatwhzsu3hm9ptl4l0ia6bvjk-1-1024x559.jpg\" alt=\"\" class=\"wp-image-3169\" srcset=\"https:\/\/freundeskreis-uganda.de\/wp-content\/uploads\/2026\/02\/F3E369F8-C0CA-4172-A7C8-1B212199E6B8-qg2i2696j3d5z09ohdatwhzsu3hm9ptl4l0ia6bvjk-1-1024x559.jpg 1024w, https:\/\/freundeskreis-uganda.de\/wp-content\/uploads\/2026\/02\/F3E369F8-C0CA-4172-A7C8-1B212199E6B8-qg2i2696j3d5z09ohdatwhzsu3hm9ptl4l0ia6bvjk-1-300x164.jpg 300w, https:\/\/freundeskreis-uganda.de\/wp-content\/uploads\/2026\/02\/F3E369F8-C0CA-4172-A7C8-1B212199E6B8-qg2i2696j3d5z09ohdatwhzsu3hm9ptl4l0ia6bvjk-1-768x419.jpg 768w, https:\/\/freundeskreis-uganda.de\/wp-content\/uploads\/2026\/02\/F3E369F8-C0CA-4172-A7C8-1B212199E6B8-qg2i2696j3d5z09ohdatwhzsu3hm9ptl4l0ia6bvjk-1.jpg 1100w\" sizes=\"auto, (max-width: 1024px) 100vw, 1024px\" \/><\/figure>\n\n\n\n<p>Ein gro\u00dfer Schritt in die Zukunft w\u00e4re nun der Ausbau einer eigenen Geburtshilfe. Viele Frauen m\u00fcssen aktuell lange und gef\u00e4hrliche Wege zur Entbindung auf sich nehmen. Eine Geburtseinheit direkt in der Klinik w\u00fcrde die Sterblichkeit von M\u00fcttern und Neugeborenen erheblich reduzieren und den Familien in der Region endlich eine sichere Betreuung erm\u00f6glichen.<\/p>\n\n\n\n<figure class=\"wp-block-image size-large\"><img loading=\"lazy\" decoding=\"async\" width=\"1024\" height=\"768\" src=\"https:\/\/freundeskreis-uganda.de\/wp-content\/uploads\/2026\/02\/1000024550_e88e9daa8b0a9baef1909f86441681f7-13.11.2025-18_28_35-1-1024x768.jpg\" alt=\"\" class=\"wp-image-3173\" srcset=\"https:\/\/freundeskreis-uganda.de\/wp-content\/uploads\/2026\/02\/1000024550_e88e9daa8b0a9baef1909f86441681f7-13.11.2025-18_28_35-1-1024x768.jpg 1024w, https:\/\/freundeskreis-uganda.de\/wp-content\/uploads\/2026\/02\/1000024550_e88e9daa8b0a9baef1909f86441681f7-13.11.2025-18_28_35-1-300x225.jpg 300w, https:\/\/freundeskreis-uganda.de\/wp-content\/uploads\/2026\/02\/1000024550_e88e9daa8b0a9baef1909f86441681f7-13.11.2025-18_28_35-1-768x576.jpg 768w, https:\/\/freundeskreis-uganda.de\/wp-content\/uploads\/2026\/02\/1000024550_e88e9daa8b0a9baef1909f86441681f7-13.11.2025-18_28_35-1-1536x1152.jpg 1536w, https:\/\/freundeskreis-uganda.de\/wp-content\/uploads\/2026\/02\/1000024550_e88e9daa8b0a9baef1909f86441681f7-13.11.2025-18_28_35-1-2048x1536.jpg 2048w\" sizes=\"auto, (max-width: 1024px) 100vw, 1024px\" \/><\/figure>\n\n\n\n<p>Ein leeres Geb\u00e4ude ist bereits vorhanden und kann zu einer funktionsf\u00e4higen Geburtshilfe umgebaut werden. Mit der Fertigstellung dieser Einheit k\u00f6nnte die Klinik zum Health Center II aufsteigen \u2013 eine offizielle Einstufung, die in Uganda von gro\u00dfer Bedeutung ist. Erst dann erh\u00e4lt die Einrichtung:<\/p>\n\n\n\n<ul class=\"wp-block-list\">\n<li>regelm\u00e4\u00dfige staatliche F\u00f6rdergelder,<\/li>\n\n\n\n<li>zugewiesenes medizinisches Personal<\/li>\n\n\n\n<li>und damit langfristige Stabilit\u00e4t f\u00fcr die gesamte Klinik.<\/li>\n<\/ul>\n\n\n\n<p>Mit Ihrer Unterst\u00fctzung kann dieser wichtige Schritt Realit\u00e4t werden. Jede Spende tr\u00e4gt dazu bei, die Geburtshilfe einzurichten und die medizinische Versorgung der ganzen Region nachhaltig zu st\u00e4rken.<\/p>\n\n\n\n<figure class=\"wp-block-image size-large\"><img loading=\"lazy\" decoding=\"async\" width=\"766\" height=\"1024\" src=\"https:\/\/freundeskreis-uganda.de\/wp-content\/uploads\/2026\/02\/IMG-20250921-WA0077-1-766x1024.jpg\" alt=\"\" class=\"wp-image-3177\" srcset=\"https:\/\/freundeskreis-uganda.de\/wp-content\/uploads\/2026\/02\/IMG-20250921-WA0077-1-766x1024.jpg 766w, https:\/\/freundeskreis-uganda.de\/wp-content\/uploads\/2026\/02\/IMG-20250921-WA0077-1-224x300.jpg 224w, https:\/\/freundeskreis-uganda.de\/wp-content\/uploads\/2026\/02\/IMG-20250921-WA0077-1-768x1026.jpg 768w, https:\/\/freundeskreis-uganda.de\/wp-content\/uploads\/2026\/02\/IMG-20250921-WA0077-1-1149x1536.jpg 1149w, https:\/\/freundeskreis-uganda.de\/wp-content\/uploads\/2026\/02\/IMG-20250921-WA0077-1-1532x2048.jpg 1532w, https:\/\/freundeskreis-uganda.de\/wp-content\/uploads\/2026\/02\/IMG-20250921-WA0077-1.jpg 1736w\" sizes=\"auto, (max-width: 766px) 100vw, 766px\" \/><\/figure>\n\n\n\n<p>Auf unserer Website finden Sie au\u00dferdem ein kurzes Video mit Eindr\u00fccken aus der Klinik, das zeigt, warum dieses Projekt so wichtig ist. Ich (Sabrina) werde im kommenden Jahr erneut vor Ort sein und regelm\u00e4\u00dfig Updates direkt aus Uganda teilen, damit sichtbar bleibt, welche Wirkung Ihre Hilfe entfaltet.<\/p>\n\n\n\n<p><strong>Danke von Herzen f\u00fcr jede Unterst\u00fctzung \u2013 gemeinsam k\u00f6nnen wir Leben sch\u00fctzen und die Zukunft vieler Familien verbessern.<\/strong><\/p>\n\n\n\n<p>Homepage der Zion Community Klinik: <a href=\"https:\/\/www.zion-community.com\/medical-clinic\/\">Medical Clinic \u2013 Zion Community<\/a><\/p>\n\n\n\n<p>Wer sich ein Bild von der Umgebung der Klinik machen m\u00f6chte, findet diese hier auf google maps: <a href=\"https:\/\/maps.app.goo.gl\/mnAQYt8VbAFRLi12A\" target=\"_blank\" rel=\"noreferrer noopener\">https:\/\/maps.app.goo.gl\/mnAQYt8VbAFRLi12A<\/a><\/p>\n\n\n\n<p>Sehen Sie hier das Spendenvideo mit Einblicken vor Ort an:<\/p>\n\n\n\n<div class=\"video-container\">\n  <iframe \n    src=\"https:\/\/www.youtube.com\/embed\/H4wXXiZkAGE\"\n    title=\"YouTube video player\"\n    frameborder=\"0\"\n    allow=\"accelerometer; autoplay; clipboard-write; encrypted-media; gyroscope; picture-in-picture; web-share\"\n    allowfullscreen>\n  <\/iframe>\n<\/div>\n\n<style>\n  .video-container {\n    position: relative;\n    width: 100%;\n    max-width: 700px;\n    margin: 0 auto;\n  }\n\n  .video-container iframe {\n    position: absolute;\n    top: 0;\n    left: 0;\n    width: 100%;\n    height: 100%;\n  }\n\n  \/* 9:16 Hochformat f\u00fcr Shorts *\/\n  .video-container:before {\n    content: \"\";\n    display: block;\n    padding-top: 177.78%; \/* 9:16 = 16\/9 \u2248 177.78% *\/\n  }\n<\/style>\n\n\n\n<figure class=\"wp-block-gallery has-nested-images columns-default is-cropped wp-block-gallery-1 is-layout-flex wp-block-gallery-is-layout-flex\"><\/figure>\n\n\n\n<p><strong>Unser Spendenkonto:<\/strong><\/p>\n\n\n\n<p>Sie k\u00f6nnen die Arbeit der Zion Community Klinik direkt finanziell unterst\u00fctzen indem sie in ihrer \u00dcberweisung das Stichwort \u201eZion Community&#8220; oder &#8222;Zion Klinik\u201c angeben. (Wichtig ist &#8222;Zion&#8220; mit anzugeben, damit wir die Spenden von Spenden an unser langj\u00e4hriges Projekt Musichimi Health Centre unterscheiden k\u00f6nnen).<\/p>\n\n\n\n<p>Freundeskreis Uganda e.V. | IBAN: DE25 4306 0967 7010 7487 00 | &nbsp;&nbsp; BIC: GENODEM1GLS<\/p>\n\n\n\n<p><\/p>\n","protected":false},"excerpt":{"rendered":"<p>Seit Herbst 2025 unterst\u00fctzt der Freundeskreis Uganda e.V. die Zion Community Klinik am Fu\u00dfe des Mount Elgon in Ostuganda. Sabrina, eine zuk\u00fcnftige Krankenpflegerin aus dem Allg\u00e4u, hat dieses Projekt w\u00e4hrend einer Freiwilligenarbeit vor Ort kennenlernen d\u00fcrfen. Die Zion Community Klinik auf rund 1.600 m H\u00f6he. In dieser Bergregion hatten die Menschen lange Zeit kaum Zugang &hellip; <a href=\"https:\/\/freundeskreis-uganda.de\/index.php\/unsere-partnerprojekte\/die-zion-community-klinik\/\" class=\"more-link\"><span class=\"screen-reader-text\">Die &#8222;Zion Community&#8220;-Klinik<\/span> weiterlesen<\/a><\/p>\n","protected":false},"author":5,"featured_media":0,"parent":101,"menu_order":4,"comment_status":"closed","ping_status":"closed","template":"","meta":{"footnotes":""},"class_list":["post-2801","page","type-page","status-publish","hentry"],"_links":{"self":[{"href":"https:\/\/freundeskreis-uganda.de\/index.php\/wp-json\/wp\/v2\/pages\/2801","targetHints":{"allow":["GET"]}}],"collection":[{"href":"https:\/\/freundeskreis-uganda.de\/index.php\/wp-json\/wp\/v2\/pages"}],"about":[{"href":"https:\/\/freundeskreis-uganda.de\/index.php\/wp-json\/wp\/v2\/types\/page"}],"author":[{"embeddable":true,"href":"https:\/\/freundeskreis-uganda.de\/index.php\/wp-json\/wp\/v2\/users\/5"}],"replies":[{"embeddable":true,"href":"https:\/\/freundeskreis-uganda.de\/index.php\/wp-json\/wp\/v2\/comments?post=2801"}],"version-history":[{"count":20,"href":"https:\/\/freundeskreis-uganda.de\/index.php\/wp-json\/wp\/v2\/pages\/2801\/revisions"}],"predecessor-version":[{"id":3185,"href":"https:\/\/freundeskreis-uganda.de\/index.php\/wp-json\/wp\/v2\/pages\/2801\/revisions\/3185"}],"up":[{"embeddable":true,"href":"https:\/\/freundeskreis-uganda.de\/index.php\/wp-json\/wp\/v2\/pages\/101"}],"wp:attachment":[{"href":"https:\/\/freundeskreis-uganda.de\/index.php\/wp-json\/wp\/v2\/media?parent=2801"}],"curies":[{"name":"wp","href":"https:\/\/api.w.org\/{rel}","templated":true}]}}