{"id":1677,"date":"2020-06-18T16:03:18","date_gmt":"2020-06-18T14:03:18","guid":{"rendered":"https:\/\/freundeskreis-uganda.de\/?page_id=1677"},"modified":"2025-10-10T20:53:23","modified_gmt":"2025-10-10T18:53:23","slug":"mbulamuti-integrated-farm","status":"publish","type":"page","link":"https:\/\/freundeskreis-uganda.de\/index.php\/unsere-partnerprojekte\/mbulamuti-integrated-farm\/","title":{"rendered":"Die &#8222;St. Josephs Farm&#8220;"},"content":{"rendered":"\n<p><strong>Hintergrund<\/strong> <\/p>\n\n\n\n<p>Die Little Sisters of St. Francis (franziskanischer Schwesternorden in Kenia und Uganda) versuchen mit einem Farmprojekt zu einer nachhaltigeren und klimarobusteren Landwirtschaft beizutragen. Dazu arbeiten sie aktuell an dem Aufbau der \u201eSt. Josephs Integrated Farm\u201c im Dorf Mbulamuti, 35 km n\u00f6rdlich von Jinja. Der Fokus der dortigen Farm liegt auf integrierter Landwirtschaft. Neben Feldfr\u00fcchten ist Viehwirtschaft zentrales Element der integrierten Landwirtschaft. Beide Elemente unterst\u00fctzen sich wechselseitig indem einerseits auf den Feldern Fr\u00fcchte und Gr\u00e4ser f\u00fcr die Viehhaltung heranwachsen und andererseits die Ausscheidungen der Tiere auf den Feldern als D\u00fcnger eingesetzt werden. Durch die so entstehende Kreislaufwirtschaft k\u00f6nnen Ressourcen geschont und vor allem die Fruchtbarkeit des Bodens erhalten werden. Viele Konzepte aus der nachhaltigen Landwirtschaft wurden schon zu Beginn auf den Feldern der \u201eSt. Josephs Farm\u201c angewandt. Auf einem Teil der insgesamt 85 Hektar gro\u00dfen Fl\u00e4che werden bereits Bananen, Maniok, Mais und andere Feldfr\u00fcchte angebaut.<\/p>\n\n\n\n<p>Im Jahr 2015 haben die Ordensschwestern beschlossen, das Konvent im Dorf Mbulamuti neu aufzubauen und den Wiederaufbau der \u201eSt. Josephs Farm\u201c umzusetzen. Dabei m\u00f6chten wir als Freundeskreis Uganda e.V. unterst\u00fctzen und freuen uns \u00fcber ein sehr positives Votum von der Mitgliederversammlung dieses Projekt im Jahr 2020 weiter voran zu treiben.<\/p>\n\n\n\n<p><strong>Bau der Kuhweide und erste K\u00fche &#8211; 2020<\/strong><\/p>\n\n\n\n<p>Zu Beginn des Jahres 2020 wurde die Kuhweide errichtet. Erste K\u00fche wurden schon vorher in der Region Iganga gehalten. Da dort der Platz begrenzt ist, sollten diese und weitere, neu erworbene K\u00fche auf die \u201eSt. Josephs Farm\u201c umziehen. F\u00fcr den Aufbau der ein Hektar gro\u00dfen Kuhweide wurden insgesamt 77 Betonpfosten gesetzt und viele Meter Maschendrahtzaun gespannt. <\/p>\n\n\n\n<figure class=\"wp-block-image size-large is-resized\"><img loading=\"lazy\" decoding=\"async\" width=\"1024\" height=\"576\" src=\"https:\/\/freundeskreis-uganda.de\/wp-content\/uploads\/2024\/08\/IMG_20200309_120833-1024x576.jpg\" alt=\"\" class=\"wp-image-2341\" style=\"width:690px;height:auto\" srcset=\"https:\/\/freundeskreis-uganda.de\/wp-content\/uploads\/2024\/08\/IMG_20200309_120833-1024x576.jpg 1024w, https:\/\/freundeskreis-uganda.de\/wp-content\/uploads\/2024\/08\/IMG_20200309_120833-300x169.jpg 300w, https:\/\/freundeskreis-uganda.de\/wp-content\/uploads\/2024\/08\/IMG_20200309_120833-768x432.jpg 768w, https:\/\/freundeskreis-uganda.de\/wp-content\/uploads\/2024\/08\/IMG_20200309_120833-1536x864.jpg 1536w, https:\/\/freundeskreis-uganda.de\/wp-content\/uploads\/2024\/08\/IMG_20200309_120833-2048x1152.jpg 2048w\" sizes=\"auto, (max-width: 1024px) 100vw, 1024px\" \/><figcaption class=\"wp-element-caption\">Seitenansicht der Kuhweide<\/figcaption><\/figure>\n\n\n\n<p>Anschlie\u00dfend wurde in zwei hochwertige Milchk\u00fche investiert. Einerseits sollen die K\u00fche zur Gewinnung von Milch gehalten werden, andererseits soll der so erhaltene Kuhmist auf den Feldern der Farm ausgebracht werden, um Kreisl\u00e4ufe zu schlie\u00dfen, die Ertr\u00e4ge auf den Feldern zu erh\u00f6hen und mit nachhaltigen Methoden die Fruchtbarkeit des Bodens verbessert werden.<br>Milchk\u00fche einer hochwertigen Rasse liegen preislich \u00fcber dem Preis einfacher Milchk\u00fche (Faktor zwei bis drei h\u00f6her). Dieser h\u00f6here Preis rechtfertigt sich durch kr\u00e4ftigeres Wachstum und bessere Milchleistung. Die Anschaffung guter Milchk\u00fche war essentiell f\u00fcr den Aufbau einer zukunftstr\u00e4chtigen Milchviehhaltung. <\/p>\n\n\n\n<figure class=\"wp-block-image size-large\"><img loading=\"lazy\" decoding=\"async\" width=\"1024\" height=\"576\" src=\"https:\/\/freundeskreis-uganda.de\/wp-content\/uploads\/2024\/08\/IMG-20201025-WA0003-1024x576.jpg\" alt=\"\" class=\"wp-image-2345\" srcset=\"https:\/\/freundeskreis-uganda.de\/wp-content\/uploads\/2024\/08\/IMG-20201025-WA0003-1024x576.jpg 1024w, https:\/\/freundeskreis-uganda.de\/wp-content\/uploads\/2024\/08\/IMG-20201025-WA0003-300x169.jpg 300w, https:\/\/freundeskreis-uganda.de\/wp-content\/uploads\/2024\/08\/IMG-20201025-WA0003-768x432.jpg 768w, https:\/\/freundeskreis-uganda.de\/wp-content\/uploads\/2024\/08\/IMG-20201025-WA0003.jpg 1080w\" sizes=\"auto, (max-width: 1024px) 100vw, 1024px\" \/><figcaption class=\"wp-element-caption\">Die erste neue Kuh erreicht im Oktober 2020 die Farm<\/figcaption><\/figure>\n\n\n\n<p>Die Tierzucht geht stetig voran. Bereits Ende 2021 war die Rinderherde gut gewachsen und Anfang des Jahres 2023 gab es zum ersten Mal Nachwuchs bei den zus\u00e4tzliche angeschafften Ziegen.<\/p>\n\n\n\n<figure class=\"wp-block-image size-large is-resized\"><img loading=\"lazy\" decoding=\"async\" width=\"1024\" height=\"576\" src=\"https:\/\/freundeskreis-uganda.de\/wp-content\/uploads\/2024\/08\/IMG_20211227_124336_7-1024x576.jpg\" alt=\"\" class=\"wp-image-2349\" style=\"width:690px;height:auto\" srcset=\"https:\/\/freundeskreis-uganda.de\/wp-content\/uploads\/2024\/08\/IMG_20211227_124336_7-1024x576.jpg 1024w, https:\/\/freundeskreis-uganda.de\/wp-content\/uploads\/2024\/08\/IMG_20211227_124336_7-300x169.jpg 300w, https:\/\/freundeskreis-uganda.de\/wp-content\/uploads\/2024\/08\/IMG_20211227_124336_7-768x432.jpg 768w, https:\/\/freundeskreis-uganda.de\/wp-content\/uploads\/2024\/08\/IMG_20211227_124336_7-1536x863.jpg 1536w, https:\/\/freundeskreis-uganda.de\/wp-content\/uploads\/2024\/08\/IMG_20211227_124336_7-2048x1151.jpg 2048w\" sizes=\"auto, (max-width: 1024px) 100vw, 1024px\" \/><figcaption class=\"wp-element-caption\">Buntes treiben auf der Kuhweide im November 2021<\/figcaption><\/figure>\n\n\n\n<p><\/p>\n\n\n\n<figure class=\"wp-block-image size-large is-resized\"><img loading=\"lazy\" decoding=\"async\" width=\"1024\" height=\"576\" src=\"https:\/\/freundeskreis-uganda.de\/wp-content\/uploads\/2024\/08\/IMG_20211227_131547_1CS-1024x576.jpg\" alt=\"\" class=\"wp-image-2353\" style=\"width:799px;height:auto\" srcset=\"https:\/\/freundeskreis-uganda.de\/wp-content\/uploads\/2024\/08\/IMG_20211227_131547_1CS-1024x576.jpg 1024w, https:\/\/freundeskreis-uganda.de\/wp-content\/uploads\/2024\/08\/IMG_20211227_131547_1CS-300x169.jpg 300w, https:\/\/freundeskreis-uganda.de\/wp-content\/uploads\/2024\/08\/IMG_20211227_131547_1CS-768x432.jpg 768w, https:\/\/freundeskreis-uganda.de\/wp-content\/uploads\/2024\/08\/IMG_20211227_131547_1CS-1536x863.jpg 1536w, https:\/\/freundeskreis-uganda.de\/wp-content\/uploads\/2024\/08\/IMG_20211227_131547_1CS-2048x1151.jpg 2048w\" sizes=\"auto, (max-width: 1024px) 100vw, 1024px\" \/><figcaption class=\"wp-element-caption\">Projektbesuche auf der Farm im November 2021<\/figcaption><\/figure>\n\n\n\n<p><\/p>\n\n\n\n<figure class=\"wp-block-image size-full\"><img loading=\"lazy\" decoding=\"async\" width=\"663\" height=\"454\" src=\"https:\/\/freundeskreis-uganda.de\/wp-content\/uploads\/2023\/07\/grafik.png\" alt=\"\" class=\"wp-image-2241\" srcset=\"https:\/\/freundeskreis-uganda.de\/wp-content\/uploads\/2023\/07\/grafik.png 663w, https:\/\/freundeskreis-uganda.de\/wp-content\/uploads\/2023\/07\/grafik-300x205.png 300w\" sizes=\"auto, (max-width: 663px) 100vw, 663px\" \/><\/figure>\n\n\n\n<p><\/p>\n\n\n\n<p><\/p>\n\n\n\n<p><strong>Die Vision f\u00fcr das Dorf Mbulamuti und die St. Jospehs Farm<\/strong><\/p>\n\n\n\n<p>W\u00e4hrend der Covid-19 Pandemie haben wir neben der Farm auch das Gesundheitszentrum der Schwestern im Dort Mbulamuti unterst\u00fctzt. Details zu dazu finden sich in den Beitr\u00e4gen: <a href=\"https:\/\/freundeskreis-uganda.de\/index.php\/2021\/03\/13\/spendenaktion-2021-covid-19-isolierstation-fuer-das-gesundheitszentrum-in-mbulamuti-helft-mit\/\" data-type=\"link\" data-id=\"https:\/\/freundeskreis-uganda.de\/index.php\/2021\/03\/13\/spendenaktion-2021-covid-19-isolierstation-fuer-das-gesundheitszentrum-in-mbulamuti-helft-mit\/\">Spendenaktion 2021: Covid-19-Isolierstation f\u00fcr Mbulamuti <\/a> und <a href=\"https:\/\/freundeskreis-uganda.de\/index.php\/2022\/06\/13\/die-covid-19-isolierstation-in-mbulamuti\/\">Covid-19 Isolierstation in Mbulamuti<\/a>.<\/p>\n\n\n\n<p>Zuk\u00fcnftig soll die St. Josephs Farm weiter ausgebaut werden. Dazu sind Projekte zur Aufforstung, zur Milchverarbeitung und zur Produktion nachhaltiger Futtermittel geplant. Nach und nach soll auf der St. Josephs Farm ein gro\u00dfes Farmzentrum entstehen, dass das Konzept der integrierten Landwirtschaft weiterentwickelt, das Wissen um nachhaltige M\u00f6glichkeiten in der Landwirtschaft konserviert, erweitert und vor allem auch der lokalen Bev\u00f6lkerung n\u00e4herbringt. <\/p>\n\n\n\n<p>Zus\u00e4tzlich sollen auf lange Sicht im n\u00e4heren Umfeld der Farm die Gesundheitsstation vergr\u00f6\u00dfert und die M\u00f6glichkeiten f\u00fcr die Aus- und Weiterbildung der lokalen Bev\u00f6lkerung verbessert werden. Auch ein Ausbildungszentrum f\u00fcr Berufe aus den Bereichen der integrierten Landwirtschaft und des Gesundheitswesens sind langfristig angedacht. So kann eine nachhaltige Verbesserung der Lebendbedingungen der lokalen, l\u00e4ndlichen Bev\u00f6lkerung im Dorf Mbulamuti erreicht und Landflucht reduziert werden. Dabei unterst\u00fctzen wir die Ordensschwestern mit unseren Projekten in Mbulamuti und insbesondere bei der St. Jospehs Farm.<\/p>\n\n\n\n<p>Wer einen genaueren Eindruck von der Farm bekommen m\u00f6chte findet hier ein kurzes Video zur Farm, entstanden im Sommer 2025: <\/p>\n\n\n\n<div class=\"wp-block-file\"><a id=\"wp-block-file--media-b7497417-9df4-4afb-a8f5-263048fcc563\" href=\"https:\/\/freundeskreis-uganda.de\/wp-content\/uploads\/2025\/10\/VIDEO-2025-10-05-11-55-15.mp4\">VIDEO-2025-10-05-11-55-15<\/a><a href=\"https:\/\/freundeskreis-uganda.de\/wp-content\/uploads\/2025\/10\/VIDEO-2025-10-05-11-55-15.mp4\" class=\"wp-block-file__button wp-element-button\" download aria-describedby=\"wp-block-file--media-b7497417-9df4-4afb-a8f5-263048fcc563\">Herunterladen<\/a><\/div>\n\n\n\n<p><\/p>\n\n\n\n<p><\/p>\n\n\n\n<p>Sie k\u00f6nnen direkt die Arbeit der St Jospehs Farm finanziell unterst\u00fctzen indem sie in ihrer \u00dcberweisung das Stichwort \u201eSt. Jospehs Farm\u201c angeben.<\/p>\n\n\n\n<p>Unser Spendenkonto:<br>Freundeskreis Uganda e.V. | IBAN: DE25 4306 0967 7010 7487 00 | &nbsp;&nbsp; BIC: GENODEM1GLS<\/p>\n\n\n\n<p><\/p>\n\n\n\n<p><\/p>\n","protected":false},"excerpt":{"rendered":"<p>Hintergrund Die Little Sisters of St. Francis (franziskanischer Schwesternorden in Kenia und Uganda) versuchen mit einem Farmprojekt zu einer nachhaltigeren und klimarobusteren Landwirtschaft beizutragen. Dazu arbeiten sie aktuell an dem Aufbau der \u201eSt. Josephs Integrated Farm\u201c im Dorf Mbulamuti, 35 km n\u00f6rdlich von Jinja. Der Fokus der dortigen Farm liegt auf integrierter Landwirtschaft. Neben Feldfr\u00fcchten &hellip; <a href=\"https:\/\/freundeskreis-uganda.de\/index.php\/unsere-partnerprojekte\/mbulamuti-integrated-farm\/\" class=\"more-link\"><span class=\"screen-reader-text\">Die &#8222;St. Josephs Farm&#8220;<\/span> weiterlesen<\/a><\/p>\n","protected":false},"author":5,"featured_media":1729,"parent":101,"menu_order":0,"comment_status":"closed","ping_status":"closed","template":"","meta":{"footnotes":""},"class_list":["post-1677","page","type-page","status-publish","has-post-thumbnail","hentry"],"_links":{"self":[{"href":"https:\/\/freundeskreis-uganda.de\/index.php\/wp-json\/wp\/v2\/pages\/1677","targetHints":{"allow":["GET"]}}],"collection":[{"href":"https:\/\/freundeskreis-uganda.de\/index.php\/wp-json\/wp\/v2\/pages"}],"about":[{"href":"https:\/\/freundeskreis-uganda.de\/index.php\/wp-json\/wp\/v2\/types\/page"}],"author":[{"embeddable":true,"href":"https:\/\/freundeskreis-uganda.de\/index.php\/wp-json\/wp\/v2\/users\/5"}],"replies":[{"embeddable":true,"href":"https:\/\/freundeskreis-uganda.de\/index.php\/wp-json\/wp\/v2\/comments?post=1677"}],"version-history":[{"count":17,"href":"https:\/\/freundeskreis-uganda.de\/index.php\/wp-json\/wp\/v2\/pages\/1677\/revisions"}],"predecessor-version":[{"id":2785,"href":"https:\/\/freundeskreis-uganda.de\/index.php\/wp-json\/wp\/v2\/pages\/1677\/revisions\/2785"}],"up":[{"embeddable":true,"href":"https:\/\/freundeskreis-uganda.de\/index.php\/wp-json\/wp\/v2\/pages\/101"}],"wp:featuredmedia":[{"embeddable":true,"href":"https:\/\/freundeskreis-uganda.de\/index.php\/wp-json\/wp\/v2\/media\/1729"}],"wp:attachment":[{"href":"https:\/\/freundeskreis-uganda.de\/index.php\/wp-json\/wp\/v2\/media?parent=1677"}],"curies":[{"name":"wp","href":"https:\/\/api.w.org\/{rel}","templated":true}]}}