{"id":117,"date":"2018-05-30T13:36:48","date_gmt":"2018-05-30T11:36:48","guid":{"rendered":"https:\/\/freundeskreis-uganda.de\/?page_id=117"},"modified":"2024-11-18T19:23:52","modified_gmt":"2024-11-18T18:23:52","slug":"mitmachen","status":"publish","type":"page","link":"https:\/\/freundeskreis-uganda.de\/index.php\/mitmachen\/","title":{"rendered":"Mitmachen"},"content":{"rendered":"<p><strong>Werden Sie ein Freund Ugandas<\/strong><\/p>\n<p><img loading=\"lazy\" decoding=\"async\" class=\"alignright size-medium wp-image-1289\" src=\"https:\/\/freundeskreis-uganda.de\/wp-content\/uploads\/2018\/06\/IMG_7058-300x200.jpg\" alt=\"\" width=\"300\" height=\"200\" srcset=\"https:\/\/freundeskreis-uganda.de\/wp-content\/uploads\/2018\/06\/IMG_7058-300x200.jpg 300w, https:\/\/freundeskreis-uganda.de\/wp-content\/uploads\/2018\/06\/IMG_7058-768x512.jpg 768w, https:\/\/freundeskreis-uganda.de\/wp-content\/uploads\/2018\/06\/IMG_7058.jpg 1024w\" sizes=\"auto, (max-width: 300px) 100vw, 300px\" \/>Ein Verein steht und f\u00e4llt mit seinen Mitgliedern. Der Freundeskreis Uganda e.V. z\u00e4hlt inzwischen mehr als 100 Mitglieder. Wir sind eine &#8222;bunte Truppe&#8220; jeglichen Alters, die ihr Interesse an Uganda und Afrika verbindet. Gemeinsam arbeiten wir an den in unserer Satzung festgehaltenen Zielen der Entwicklungszusammenarbeit sowie der F\u00f6rderung kultureller Toleranz. Dabei pr\u00e4gen Gemeinschaft und Geselligkeit unser Vereinsleben.<\/p>\n<p>Um jederfrau*mann eine Mitgliedschaft in unserem Verein zu erm\u00f6glichen ist unser Mitgliedsbeitrag bewusst klein gehalten. F\u00fcr 1 \u20ac im Monat, sprich 12 \u20ac im Jahr, k\u00f6nnen Privatpersonen Mitglied bei uns werden. Juristische Personen kostet eine Mitgliedschaft 100 \u20ac\/Jahr.<\/p>\n<p>Sie haben Interesse an einer Mitgliedschaft? Dann f\u00fcllen Sie einfach unser <a href=\"https:\/\/freundeskreis-uganda.de\/wp-content\/uploads\/2023\/09\/Mitgliedsantrag-Freundeskreis-Uganda-SEPA_2023.pdf\">Mitgliedsformular <\/a>aus und senden Sie es an die im Formular angegebene Mailadresse.<\/p>\n<p><strong>Ihre Spende <span style=\"margin: 0px; line-height: 107%; font-family: 'Calibri',sans-serif; font-size: 11pt;\"><span style=\"color: #000000;\">\u2013 <\/span><\/span> unsere &#8222;Garantie&#8220;<\/strong><\/p>\n<p><img loading=\"lazy\" decoding=\"async\" class=\"alignright size-medium wp-image-1313\" src=\"https:\/\/freundeskreis-uganda.de\/wp-content\/uploads\/2018\/06\/IMG_1383-300x225.jpg\" alt=\"\" width=\"300\" height=\"225\" srcset=\"https:\/\/freundeskreis-uganda.de\/wp-content\/uploads\/2018\/06\/IMG_1383-300x225.jpg 300w, https:\/\/freundeskreis-uganda.de\/wp-content\/uploads\/2018\/06\/IMG_1383-768x576.jpg 768w, https:\/\/freundeskreis-uganda.de\/wp-content\/uploads\/2018\/06\/IMG_1383-1024x768.jpg 1024w\" sizes=\"auto, (max-width: 300px) 100vw, 300px\" \/>Wir sind einer der wenigen Vereine in der Entwicklungszusammenarbeit, der garantieren kann, dass 100 % (!) Ihrer Spende direkt bei unseren Partnerprojekten ankommen. Als rein ehrenamtlicher Verein halten wir unsere Verwaltungskosten auf einem absoluten Minimum. Wo Verwaltungskosten anfallen, werden diese durch Mitgliedsbeitr\u00e4ge gedeckt. Alle Spenden gehen direkt an unsere Partnerprojekte!<\/p>\n<p>Als gemeinn\u00fctziger Verein sind wir steuerbeg\u00fcnstigt. Sie k\u00f6nnen Ihre Spende demnach steuerlich geltend machen. Hierzu gen\u00fcgt bei Spenden bis 300 \u20ac ein Kontoauszug als Nachweis. Bei gr\u00f6\u00dferen Spenden senden wir Ihnen gerne eine Spendenbescheinigung zu. Teilen Sie uns hierf\u00fcr bitte Ihre Adresse mit.<\/p>\n<p>Unser Spendenkonto:<br \/>\nFreundeskreis Uganda e.V. | IBAN: DE25 4306 0967 7010 7487 00 | BIC: GENODEM1GLS<\/p>\n","protected":false},"excerpt":{"rendered":"<p>Werden Sie ein Freund Ugandas Ein Verein steht und f\u00e4llt mit seinen Mitgliedern. Der Freundeskreis Uganda e.V. z\u00e4hlt inzwischen mehr als 100 Mitglieder. Wir sind eine &#8222;bunte Truppe&#8220; jeglichen Alters, die ihr Interesse an Uganda und Afrika verbindet. Gemeinsam arbeiten wir an den in unserer Satzung festgehaltenen Zielen der Entwicklungszusammenarbeit sowie der F\u00f6rderung kultureller Toleranz. &hellip; <a href=\"https:\/\/freundeskreis-uganda.de\/index.php\/mitmachen\/\" class=\"more-link\"><span class=\"screen-reader-text\">Mitmachen<\/span> weiterlesen<\/a><\/p>\n","protected":false},"author":1,"featured_media":0,"parent":0,"menu_order":0,"comment_status":"closed","ping_status":"closed","template":"","meta":{"footnotes":""},"class_list":["post-117","page","type-page","status-publish","hentry"],"_links":{"self":[{"href":"https:\/\/freundeskreis-uganda.de\/index.php\/wp-json\/wp\/v2\/pages\/117","targetHints":{"allow":["GET"]}}],"collection":[{"href":"https:\/\/freundeskreis-uganda.de\/index.php\/wp-json\/wp\/v2\/pages"}],"about":[{"href":"https:\/\/freundeskreis-uganda.de\/index.php\/wp-json\/wp\/v2\/types\/page"}],"author":[{"embeddable":true,"href":"https:\/\/freundeskreis-uganda.de\/index.php\/wp-json\/wp\/v2\/users\/1"}],"replies":[{"embeddable":true,"href":"https:\/\/freundeskreis-uganda.de\/index.php\/wp-json\/wp\/v2\/comments?post=117"}],"version-history":[{"count":27,"href":"https:\/\/freundeskreis-uganda.de\/index.php\/wp-json\/wp\/v2\/pages\/117\/revisions"}],"predecessor-version":[{"id":2485,"href":"https:\/\/freundeskreis-uganda.de\/index.php\/wp-json\/wp\/v2\/pages\/117\/revisions\/2485"}],"wp:attachment":[{"href":"https:\/\/freundeskreis-uganda.de\/index.php\/wp-json\/wp\/v2\/media?parent=117"}],"curies":[{"name":"wp","href":"https:\/\/api.w.org\/{rel}","templated":true}]}}